{"id":212,"date":"2022-04-05T10:58:49","date_gmt":"2022-04-05T10:58:49","guid":{"rendered":"https:\/\/osterhusdata.no\/?page_id=212"},"modified":"2023-03-09T14:04:46","modified_gmt":"2023-03-09T14:04:46","slug":"om-oss","status":"publish","type":"page","link":"https:\/\/osterhusdata.no\/?page_id=212","title":{"rendered":"Om oss"},"content":{"rendered":"<p>[et_pb_section fb_built=&#8221;1&#8243; admin_label=&#8221;Hero Section&#8221; _builder_version=&#8221;4.16&#8243; custom_padding=&#8221;0|0px|0px|0px&#8221; global_colors_info=&#8221;{}&#8221;][et_pb_row column_structure=&#8221;1_2,1_2&#8243; use_custom_gutter=&#8221;on&#8221; make_equal=&#8221;on&#8221; _builder_version=&#8221;4.17.4&#8243; width=&#8221;100%&#8221; max_width=&#8221;100%&#8221; custom_padding=&#8221;0px|0|0px|&#8221; use_custom_width=&#8221;on&#8221; width_unit=&#8221;off&#8221; custom_width_percent=&#8221;100%&#8221; global_colors_info=&#8221;{}&#8221;][et_pb_column type=&#8221;1_2&#8243; _builder_version=&#8221;4.16&#8243; custom_padding=&#8221;200px|4%|200px|8%&#8221; custom_padding_tablet=&#8221;60px|10%|60px|10%&#8221; custom_padding_phone=&#8221;60px|10%|60px|10%&#8221; custom_padding_last_edited=&#8221;on|tablet&#8221; global_colors_info=&#8221;{}&#8221; padding_tablet=&#8221;60px|10%|60px|10%&#8221; padding_last_edited=&#8221;on|tablet&#8221; custom_padding__hover=&#8221;|||&#8221; padding_phone=&#8221;60px|10%|60px|10%&#8221;][et_pb_text _builder_version=&#8221;4.17.4&#8243; text_font=&#8221;||||||||&#8221; header_font=&#8221;||||||||&#8221; header_3_font=&#8221;Karla|700||on|||||&#8221; header_3_text_color=&#8221;#c2ab92&#8243; header_3_font_size=&#8221;16px&#8221; header_3_letter_spacing=&#8221;1px&#8221; background_layout=&#8221;dark&#8221; max_width=&#8221;600px&#8221; module_alignment=&#8221;left&#8221; custom_margin=&#8221;||20px|&#8221; locked=&#8221;off&#8221; global_colors_info=&#8221;{}&#8221;]<\/p>\n<h3>it skal gj\u00f8re jobben enklere<\/h3>\n<p>[\/et_pb_text][et_pb_text _builder_version=&#8221;4.16&#8243; text_font=&#8221;Karla||||||||&#8221; text_font_size=&#8221;18px&#8221; text_line_height=&#8221;1.8em&#8221; header_font=&#8221;Cormorant Garamond||||||||&#8221; header_font_size=&#8221;56px&#8221; header_line_height=&#8221;1.4em&#8221; header_2_font=&#8221;||||||||&#8221; header_3_font=&#8221;||||||||&#8221; max_width=&#8221;600px&#8221; header_font_size_tablet=&#8221;40px&#8221; header_font_size_phone=&#8221;&#8221; header_font_size_last_edited=&#8221;on|tablet&#8221; locked=&#8221;off&#8221; global_colors_info=&#8221;{}&#8221;]<\/p>\n<h1>Om oss<\/h1>\n<p>V\u00e5r visjon er \u00e5 gj\u00f8re IT systemer til verdi\u00f8kende faktor hos v\u00e5re bedriftskunder. Vi vil gj\u00f8re leveranser som overg\u00e5r kundens forventninger og gir \u00f8kt sikkerhet, effektivitet og trivsel.<\/p>\n<p>[\/et_pb_text][et_pb_button button_url=&#8221;@ET-DC@eyJkeW5hbWljIjp0cnVlLCJjb250ZW50IjoicG9zdF9saW5rX3VybF9wYWdlIiwic2V0dGluZ3MiOnsicG9zdF9pZCI6IjIxNiJ9fQ==@&#8221; button_text=&#8221;Kontakt oss&#8221; _builder_version=&#8221;4.19.0&#8243; _dynamic_attributes=&#8221;button_url&#8221; custom_button=&#8221;on&#8221; button_text_size=&#8221;13px&#8221; button_text_color=&#8221;#ffffff&#8221; button_bg_color=&#8221;#0C71C3&#8243; button_border_width=&#8221;2px&#8221; button_border_color=&#8221;#c2ab92&#8243; button_border_radius=&#8221;0px&#8221; button_letter_spacing=&#8221;2px&#8221; button_font=&#8221;Karla|700||on|||||&#8221; background_layout=&#8221;dark&#8221; custom_padding=&#8221;10px||10px|&#8221; button_letter_spacing_hover=&#8221;2px&#8221; locked=&#8221;off&#8221; global_colors_info=&#8221;{}&#8221; button_text_size__hover_enabled=&#8221;off&#8221; button_one_text_size__hover_enabled=&#8221;off&#8221; button_two_text_size__hover_enabled=&#8221;off&#8221; button_text_color__hover_enabled=&#8221;off&#8221; button_one_text_color__hover_enabled=&#8221;off&#8221; button_two_text_color__hover_enabled=&#8221;off&#8221; button_border_width__hover_enabled=&#8221;off&#8221; button_one_border_width__hover_enabled=&#8221;off&#8221; button_two_border_width__hover_enabled=&#8221;off&#8221; button_border_color__hover_enabled=&#8221;off&#8221; button_one_border_color__hover_enabled=&#8221;off&#8221; button_two_border_color__hover_enabled=&#8221;off&#8221; button_border_radius__hover_enabled=&#8221;off&#8221; button_one_border_radius__hover_enabled=&#8221;off&#8221; button_two_border_radius__hover_enabled=&#8221;off&#8221; button_letter_spacing__hover_enabled=&#8221;on&#8221; button_letter_spacing__hover=&#8221;2px&#8221; button_one_letter_spacing__hover_enabled=&#8221;off&#8221; button_two_letter_spacing__hover_enabled=&#8221;off&#8221; button_bg_color__hover_enabled=&#8221;off&#8221; button_one_bg_color__hover_enabled=&#8221;off&#8221; button_two_bg_color__hover_enabled=&#8221;off&#8221;][\/et_pb_button][\/et_pb_column][et_pb_column type=&#8221;1_2&#8243; _builder_version=&#8221;4.17.4&#8243; background_color=&#8221;#121212&#8243; use_background_color_gradient=&#8221;on&#8221; background_color_gradient_stops=&#8221;rgba(18,18,18,0.5) 0%|#121212 100%&#8221; background_color_gradient_overlays_image=&#8221;on&#8221; background_color_gradient_start=&#8221;rgba(18,18,18,0.5)&#8221; background_color_gradient_end=&#8221;#121212&#8243; background_image=&#8221;https:\/\/osterhusdata.no\/wp-content\/uploads\/2022\/05\/servers-scaled-e1652707272113.jpg&#8221; custom_padding=&#8221;100px||100px|&#8221; custom_padding_tablet=&#8221;60px||60px|&#8221; custom_padding_phone=&#8221;60px||60px|&#8221; custom_padding_last_edited=&#8221;on|desktop&#8221; global_colors_info=&#8221;{}&#8221; padding_tablet=&#8221;60px||60px|&#8221; padding_last_edited=&#8221;on|desktop&#8221; custom_padding__hover=&#8221;|||&#8221; padding_phone=&#8221;60px||60px|&#8221;][et_pb_image src=&#8221;https:\/\/osterhusdata.no\/wp-content\/uploads\/2022\/03\/tanner-van-dera-oaQ2mTeaP7o-unsplash-scaled.jpg&#8221; title_text=&#8221;tanner-van-dera-oaQ2mTeaP7o-unsplash&#8221; align_tablet=&#8221;center&#8221; align_phone=&#8221;center&#8221; align_last_edited=&#8221;on|desktop&#8221; _builder_version=&#8221;4.17.4&#8243; max_width=&#8221;600px&#8221; max_width_tablet=&#8221;&#8221; max_width_phone=&#8221;&#8221; max_width_last_edited=&#8221;on|desktop&#8221; custom_margin=&#8221;|||-8%&#8221; custom_margin_tablet=&#8221;60px|60px|60px|60px&#8221; custom_margin_phone=&#8221;&#8221; custom_margin_last_edited=&#8221;on|desktop&#8221; custom_padding=&#8221;|||&#8221; animation_style=&#8221;slide&#8221; animation_direction=&#8221;right&#8221; animation_intensity_slide=&#8221;4%&#8221; animation_starting_opacity=&#8221;50%&#8221; box_shadow_style=&#8221;preset3&#8243; box_shadow_blur=&#8221;80px&#8221; global_colors_info=&#8221;{}&#8221;][\/et_pb_image][\/et_pb_column][\/et_pb_row][\/et_pb_section][et_pb_section fb_built=&#8221;1&#8243; admin_label=&#8221;About&#8221; _builder_version=&#8221;4.18.0&#8243; background_color=&#8221;#121212&#8243; custom_padding=&#8221;100px|0px|50px|0px|false|false&#8221; global_colors_info=&#8221;{}&#8221;][et_pb_row column_structure=&#8221;1_3,2_3&#8243; _builder_version=&#8221;4.16&#8243; custom_margin=&#8221;||50px|&#8221; global_colors_info=&#8221;{}&#8221;][et_pb_column type=&#8221;1_3&#8243; _builder_version=&#8221;4.16&#8243; custom_padding=&#8221;|||&#8221; global_colors_info=&#8221;{}&#8221; custom_padding__hover=&#8221;|||&#8221;][et_pb_text _builder_version=&#8221;4.17.4&#8243; text_font=&#8221;Karla|700||on|||||&#8221; text_text_color=&#8221;rgba(255,255,255,0.4)&#8221; text_font_size=&#8221;13px&#8221; text_letter_spacing=&#8221;2px&#8221; background_layout=&#8221;dark&#8221; locked=&#8221;off&#8221; global_colors_info=&#8221;{}&#8221;]<\/p>\n<p>hvem er vi?<\/p>\n<p>[\/et_pb_text][et_pb_text _builder_version=&#8221;4.16&#8243; text_font=&#8221;Cormorant Garamond||||||||&#8221; text_text_color=&#8221;#ffffff&#8221; text_font_size=&#8221;26px&#8221; text_line_height=&#8221;1.8em&#8221; header_font=&#8221;||||||||&#8221; header_4_font=&#8221;Karla|700||on|||||&#8221; header_4_text_color=&#8221;rgba(255,255,255,0.4)&#8221; header_4_font_size=&#8221;13px&#8221; header_4_letter_spacing=&#8221;2px&#8221; header_4_line_height=&#8221;1.8em&#8221; background_layout=&#8221;dark&#8221; global_colors_info=&#8221;{}&#8221;]<\/p>\n<p>\u00d8sterhus Data og Sikkerhet er mer enn en IT leverand\u00f8r, vi er en samarbeidspartner for din bedrift<\/p>\n<p>[\/et_pb_text][\/et_pb_column][et_pb_column type=&#8221;2_3&#8243; _builder_version=&#8221;4.16&#8243; custom_padding=&#8221;|||&#8221; global_colors_info=&#8221;{}&#8221; custom_padding__hover=&#8221;|||&#8221;][et_pb_text _builder_version=&#8221;4.16&#8243; text_font=&#8221;Karla||||||||&#8221; text_text_color=&#8221;rgba(255,255,255,0.7)&#8221; text_font_size=&#8221;18px&#8221; text_line_height=&#8221;1.8em&#8221; custom_padding=&#8221;||0px|||&#8221; global_colors_info=&#8221;{}&#8221;]<\/p>\n<p>\u00d8sterhus Data og\u00a0 Sikkerhet ble startet opp i 2016 av H\u00e5kon Bjormyr med grunntanken om \u00e5 gi uovertruffen service og god r\u00e5dgivning til bedrifter i Agder.\u00a0 Den gangen hadde vi bare en h\u00e5ndfull kunder, men gjennom \u00e5\u00a0 levere gode kundeopplevelser\u00a0 og overlevere p\u00e5 forventningene ble kundene stadig flere.\u00a0<\/p>\n<p>I dag har vi over 100 bedrifter p\u00e5 kundelisten fra lindesnes i s\u00f8r\u00a0 til kirkenes i nord. Vi er 6 dedikerte ansatte og blir stadig flere. \u00d8sterhus Data og Sikkerhet er mer enn en IT leverand\u00f8r, vi er en samarbeidspartner for din bedrift.<\/p>\n<p>[\/et_pb_text][\/et_pb_column][\/et_pb_row][\/et_pb_section][et_pb_section fb_built=&#8221;1&#8243; admin_label=&#8221;Services&#8221; _builder_version=&#8221;4.16&#8243; background_color=&#8221;#121212&#8243; custom_padding=&#8221;100px|0px|100px|0px&#8221; global_colors_info=&#8221;{}&#8221;][et_pb_row _builder_version=&#8221;4.16&#8243; custom_margin=&#8221;|||&#8221; custom_padding=&#8221;27px|0px|0|0px&#8221; border_color_all=&#8221;#1a1a1a&#8221; global_colors_info=&#8221;{}&#8221;][et_pb_column type=&#8221;4_4&#8243; _builder_version=&#8221;4.16&#8243; custom_padding=&#8221;|||&#8221; global_colors_info=&#8221;{}&#8221; custom_padding__hover=&#8221;|||&#8221;][et_pb_text _builder_version=&#8221;4.18.1&#8243; text_font=&#8221;||||||||&#8221; header_font=&#8221;||||||||&#8221; header_3_font=&#8221;Karla|700||on|||||&#8221; header_3_text_color=&#8221;rgba(255,255,255,0.6)&#8221; header_3_font_size=&#8221;16px&#8221; header_3_letter_spacing=&#8221;1px&#8221; background_layout=&#8221;dark&#8221; max_width=&#8221;600px&#8221; module_alignment=&#8221;left&#8221; custom_margin=&#8221;|||&#8221; locked=&#8221;off&#8221; global_colors_info=&#8221;{}&#8221;]<\/p>\n<h3>Fagomr\u00e5der<\/h3>\n<p>[\/et_pb_text][\/et_pb_column][\/et_pb_row][et_pb_row column_structure=&#8221;1_3,1_3,1_3&#8243; _builder_version=&#8221;4.16&#8243; custom_margin=&#8221;|||&#8221; custom_padding=&#8221;50px|0px|50px|0px&#8221; animation_style=&#8221;slide&#8221; animation_direction=&#8221;bottom&#8221; animation_intensity_slide=&#8221;6%&#8221; global_colors_info=&#8221;{}&#8221;][et_pb_column type=&#8221;1_3&#8243; _builder_version=&#8221;4.16&#8243; custom_padding=&#8221;|||&#8221; global_colors_info=&#8221;{}&#8221; custom_padding__hover=&#8221;|||&#8221;][et_pb_blurb title=&#8221;Skytjenester&#8221; image=&#8221;http:\/\/osterhusdata.no\/wp-content\/uploads\/2022\/01\/1X_Hosting_Icon_09.png&#8221; image_icon_width=&#8221;75px&#8221; content_max_width=&#8221;100%&#8221; _builder_version=&#8221;4.19.0&#8243; header_font=&#8221;Cormorant Garamond||||||||&#8221; header_font_size=&#8221;24px&#8221; header_line_height=&#8221;1.8em&#8221; body_font=&#8221;Karla||||||||&#8221; body_text_color=&#8221;rgba(255,255,255,0.7)&#8221; body_font_size=&#8221;16px&#8221; body_line_height=&#8221;1.8em&#8221; text_orientation=&#8221;center&#8221; background_layout=&#8221;dark&#8221; custom_margin=&#8221;|||&#8221; hover_enabled=&#8221;0&#8243; image_max_width=&#8221;75px&#8221; global_colors_info=&#8221;{}&#8221; title_text=&#8221;1X_Hosting_Icon_09&#8243; sticky_enabled=&#8221;0&#8243;]<\/p>\n<p><span>Vi leverer skytjenester fra Microsoft , som Office 365, og egenutviklede applikasjoner fra v\u00e5rt\u00a0 datasenter i Norge.\u00a0 Sikkert og fleksibel for alle typer bedrifter. Alle data lagres i Norge.<\/span><\/p>\n<p>[\/et_pb_blurb][\/et_pb_column][et_pb_column type=&#8221;1_3&#8243; _builder_version=&#8221;4.16&#8243; custom_padding=&#8221;|||&#8221; global_colors_info=&#8221;{}&#8221; custom_padding__hover=&#8221;|||&#8221;][et_pb_blurb title=&#8221;Programvare&#8221; image=&#8221;http:\/\/osterhusdata.no\/wp-content\/uploads\/2022\/01\/1X_Hosting_Icon_10.png&#8221; image_icon_width=&#8221;75px&#8221; content_max_width=&#8221;100%&#8221; _builder_version=&#8221;4.19.0&#8243; header_font=&#8221;Cormorant Garamond||||||||&#8221; header_font_size=&#8221;24px&#8221; header_line_height=&#8221;1.8em&#8221; body_font=&#8221;Karla||||||||&#8221; body_text_color=&#8221;rgba(255,255,255,0.7)&#8221; body_font_size=&#8221;16px&#8221; body_line_height=&#8221;1.8em&#8221; text_orientation=&#8221;center&#8221; background_layout=&#8221;dark&#8221; custom_margin=&#8221;|||&#8221; hover_enabled=&#8221;0&#8243; image_max_width=&#8221;75px&#8221; global_colors_info=&#8221;{}&#8221; title_text=&#8221;1X_Hosting_Icon_10&#8243; sticky_enabled=&#8221;0&#8243;]<\/p>\n<p><span>Vi leverer standard programvare fra de fleste leverand\u00f8rer, som Microsoft og Adobe. I tillegg leverer vi flere egenutviklede systemer for drift, produksjon og samhandling.<\/span><\/p>\n<p>[\/et_pb_blurb][\/et_pb_column][et_pb_column type=&#8221;1_3&#8243; _builder_version=&#8221;4.16&#8243; custom_padding=&#8221;|||&#8221; global_colors_info=&#8221;{}&#8221; custom_padding__hover=&#8221;|||&#8221;][et_pb_blurb title=&#8221;Utvikling og Digitalisering&#8221; image=&#8221;http:\/\/osterhusdata.no\/wp-content\/uploads\/2022\/01\/1X_Hosting_Icon_14.png&#8221; image_icon_width=&#8221;75px&#8221; content_max_width=&#8221;100%&#8221; _builder_version=&#8221;4.19.0&#8243; header_font=&#8221;Cormorant Garamond||||||||&#8221; header_font_size=&#8221;24px&#8221; header_line_height=&#8221;1.8em&#8221; body_font=&#8221;Karla||||||||&#8221; body_text_color=&#8221;rgba(255,255,255,0.7)&#8221; body_font_size=&#8221;16px&#8221; body_line_height=&#8221;1.8em&#8221; text_orientation=&#8221;center&#8221; background_layout=&#8221;dark&#8221; custom_margin=&#8221;|||&#8221; hover_enabled=&#8221;0&#8243; image_max_width=&#8221;75px&#8221; global_colors_info=&#8221;{}&#8221; title_text=&#8221;1X_Hosting_Icon_14&#8243; sticky_enabled=&#8221;0&#8243;]<\/p>\n<p><span>Vi har lang erfaring med \u00e5 hjelpe bedrifter l\u00f8se sm\u00e5 og store utfordringer knyttet til manuelle prosesser de helt eller delvis vil ha digitalisert. \u00d8k effektiviteten, \u00f8k l\u00f8nnsomheten.<\/span><\/p>\n<p>[\/et_pb_blurb][\/et_pb_column][\/et_pb_row][\/et_pb_section]<\/p>\n","protected":false},"excerpt":{"rendered":"<p>it skal gj\u00f8re jobben enklereOm oss V\u00e5r visjon er \u00e5 gj\u00f8re IT systemer til verdi\u00f8kende faktor hos v\u00e5re bedriftskunder. Vi vil gj\u00f8re leveranser som overg\u00e5r kundens forventninger og gir \u00f8kt sikkerhet, effektivitet og trivsel.hvem er vi?\u00d8sterhus Data og Sikkerhet er mer enn en IT leverand\u00f8r, vi er en samarbeidspartner for din bedrift\u00d8sterhus Data og\u00a0 Sikkerhet [&hellip;]<\/p>\n","protected":false},"author":1,"featured_media":0,"parent":203,"menu_order":0,"comment_status":"closed","ping_status":"closed","template":"","meta":{"_et_pb_use_builder":"on","_et_pb_old_content":"","_et_gb_content_width":"","footnotes":""},"class_list":["post-212","page","type-page","status-publish","hentry"],"_links":{"self":[{"href":"https:\/\/osterhusdata.no\/index.php?rest_route=\/wp\/v2\/pages\/212","targetHints":{"allow":["GET"]}}],"collection":[{"href":"https:\/\/osterhusdata.no\/index.php?rest_route=\/wp\/v2\/pages"}],"about":[{"href":"https:\/\/osterhusdata.no\/index.php?rest_route=\/wp\/v2\/types\/page"}],"author":[{"embeddable":true,"href":"https:\/\/osterhusdata.no\/index.php?rest_route=\/wp\/v2\/users\/1"}],"replies":[{"embeddable":true,"href":"https:\/\/osterhusdata.no\/index.php?rest_route=%2Fwp%2Fv2%2Fcomments&post=212"}],"version-history":[{"count":19,"href":"https:\/\/osterhusdata.no\/index.php?rest_route=\/wp\/v2\/pages\/212\/revisions"}],"predecessor-version":[{"id":681,"href":"https:\/\/osterhusdata.no\/index.php?rest_route=\/wp\/v2\/pages\/212\/revisions\/681"}],"up":[{"embeddable":true,"href":"https:\/\/osterhusdata.no\/index.php?rest_route=\/wp\/v2\/pages\/203"}],"wp:attachment":[{"href":"https:\/\/osterhusdata.no\/index.php?rest_route=%2Fwp%2Fv2%2Fmedia&parent=212"}],"curies":[{"name":"wp","href":"https:\/\/api.w.org\/{rel}","templated":true}]}}